{"id":47,"date":"2024-05-23T19:42:49","date_gmt":"2024-05-23T19:42:49","guid":{"rendered":"https:\/\/www.ducksch-spielt.de\/?page_id=47"},"modified":"2025-04-19T06:14:03","modified_gmt":"2025-04-19T06:14:03","slug":"uber","status":"publish","type":"page","link":"https:\/\/ducksch-spielt.de\/index.php\/uber\/","title":{"rendered":"\u00dcber &#8230;"},"content":{"rendered":"<h5 class=\"wp-block-heading\" id=\"mich\"><strong>\u2026 mich<\/strong><\/h5>\n\n\n<p>Ich bin Stefan Ducksch aus Bielefeld. Seit 1993 ver\u00f6ffentliche ich in Zeitungen und Zeitschriften, H\u00f6rfunk und Fernsehen Berichte \u00fcber Brett- und Kartenspiele. Aktuell schreibe ich f\u00fcr das Fachmagazin \u201eSpielbox\u201c. Mich interessieren Spiele f\u00fcr Familien und Fortgeschrittene, nur selten Kinder- und Expertenspiele. Rollenspiele, Kriegssimulationen, Sammelkartenspiele oder Tabletops sind nicht mein Ding.<\/p>\n\n\n<h5 class=\"wp-block-heading\" id=\"dieses-blog\"><strong>\u2026 dieses Blog<\/strong><\/h5>\n\n\n<p>Ich setze hier die Reihe meiner regelm\u00e4\u00dfigen Rezensionen fort. In der Tageszeitung \u201eNeue Westf\u00e4lische\u201c habe ich von April 1999 an jede Woche ein Spiel vorgestellt, bis die Kolumne &#8222;Ducksch spielt&#8220; am 1. Mai 2024 mit der 1248. Folge endete. Da ich weiter gerne spiele und Lust habe, \u00fcber Spiele zu berichten, geht es hier nahtlos weiter. Ich verwende aus Gr\u00fcnden der besseren Lesbarkeit das generische Maskulinum und versuche, \u00fcberfl\u00fcssige Anglizismen zu vermeiden.<\/p>\n\n\n<h5 class=\"wp-block-heading\" id=\"die-bewertungen\"><strong>\u2026 die Bewertungen<\/strong><\/h5>\n\n\n<p>Jedes Blog hat ein eigenes Bewertungssystem. Ich habe lange \u00fcber meines hier nachgedacht. Da es ein f\u00fcr mich perfektes bereits gibt, \u00fcbernehme ich es hier, selbstverst\u00e4ndlich mit Quellenangabe: Die sechs Kategorien mit den W\u00fcrfelaugen hat vor langen Jahren Michael Knopf (1961-2006) in seinem Blog <a href=\"https:\/\/web.archive.org\/web\/20041012093613fw_\/http:\/\/www.siegpunkt.de:80\/kritiken.htm\">Siegpunkt<\/a> so verwendet. Spiele mit sechs und f\u00fcnf W\u00fcrfelpunkten sind f\u00fcr mich Kaufempfehlungen, ab vier oder weniger sollte man jedoch genau lesen oder vielleicht erst mal ein Probespiel wagen.<\/p>\n\n\n<h5 class=\"wp-block-heading\" id=\"die-kategorien\"><strong>\u2026 die Kategorien<\/strong><\/h5>\n\n\n<p>Ich unterscheide hier zwischen Familienspiel, Kennerspiel, K\u00f6nnerspiel und Expertenspiel: Das soll einen Hinweis zu geben, f\u00fcr wen ein Spiel geeignet ist. Bei Familienspielen k\u00f6nnen alle mitmachen, bei den anspruchsvolleren Kennerspielen kann man sich mit etwas \u00dcbung eine Anleitung noch selbst erarbeiten. Den Begriff \u201eKennerspiel\u201c hat die Jury Spiel des Jahres gepr\u00e4gt, ohne ihn aber nach oben hin abzugrenzen. Seit seiner Einf\u00fchrung im Jahr 2011 hat sich der Spielemarkt jedoch weiterentwickelt, und zwischen den Kennerspielen und den komplexen Expertenspielen ist eine weitere Kategorie entstanden. In ihr f\u00fchlen sich Gelegenheitsspieler nur dann noch wohl, wenn sie bereit sind, deutlich mehr Regeln zu lernen. Zugleich sollte jemand mit Erfahrung das Spiel anleiten. H\u00e4ufig werden auch diese Spiele immer noch als \u201eKennerspiel\u201c bezeichnet. Ich halte das f\u00fcr falsch. Deshalb nenne ich diese Spielekategorie hier \u201eK\u00f6nnerspiel\u201c. Diese Einordnung kann, ebenso wie meine Angaben zu Spielerzahl, Einstiegsalter und Spieldauer, von denen der Hersteller abweichen.<\/p>\n\n\n\n<p class=\"has-medium-font-size\"><strong>&#8230; die Kommentare<\/strong><\/p>\n\n\n\n<p>Kommentare erscheinen hier nicht automatisch und sofort. Sie werden erst nach einer \u00dcberpr\u00fcfung von mir freigeschaltet. Ich behalte mir die Entscheidung zur Ver\u00f6ffentlichung oder f\u00fcr eine private Antwort  vor.<\/p>\n\n\n<h2 class=\"wp-block-heading is-style-default has-medium-font-size\" id=\"den-newsletter\"><strong>&#8230; den Newsletter<\/strong><\/h2>\n\n\n<p>K\u00f6nnt Ihr abonnieren, dann bekommt Ihr einmal pro Woche eine Mail mit Informationen, was es Neues auf &#8222;Ducksch spielt&#8220; gibt.<\/p>\n\n\n<h5 class=\"wp-block-heading\" id=\"fussball\"><strong>\u2026 Fu\u00dfball<\/strong><\/h5>\n\n\n<p>Nein, hier geht es nicht um Fu\u00dfball. Und auch nicht um Nationalspieler Marvin Ducksch. Ich bin auch nicht mit ihm verwandt, obwohl ich ebenfalls in Dortmund geboren bin. Mein Verein ist nat\u00fcrlich der BVB 09. Ducksch-spielt.de besch\u00e4ftigt sich ausschlie\u00dflich mit Brett- und Kartenspielen.<\/p>\n\n\n<h5 class=\"wp-block-heading\" id=\"anderes\"><strong>\u2026 andere<\/strong>s<\/h5>\n\n\n<p>Die Idee zu diesem Blog entstand im April 2024. Hier soll demn\u00e4chst noch mehr entstehen. Aber nicht alles ist sofort zu realisieren. Also schaut mal wieder vorbei!<\/p>\n\n\n<h2 class=\"wp-block-heading has-medium-font-size\" id=\"dank\">Dank<\/h2>\n\n\n<p>Dieses Blog g\u00e4be es nicht ohne Gerald R\u00fcscher (Aufbau der Seite), <a href=\"http:\/\/www.cms-merkens.de\">Ludger Merkens<\/a> (Webhosting) und Antje Schipporeit (Fotos und Lektorat). Herzlichen Dank f\u00fcr Euren Einsatz!<\/p>\n\n\n\n<p><a href=\"https:\/\/ducksch-spielt.de\/index.php\/uber\/\">Seite ansehen<\/a><\/p>\n","protected":false},"excerpt":{"rendered":"<p>\u2026 mich Ich bin Stefan Ducksch aus Bielefeld. Seit 1993 ver\u00f6ffentliche ich in Zeitungen und Zeitschriften, H\u00f6rfunk und Fernsehen Berichte \u00fcber Brett- und Kartenspiele. Aktuell schreibe ich f\u00fcr das Fachmagazin &hellip; <\/p>\n","protected":false},"author":3,"featured_media":0,"parent":0,"menu_order":0,"comment_status":"closed","ping_status":"closed","template":"","meta":{"footnotes":""},"class_list":["post-47","page","type-page","status-publish","hentry"],"yoast_head":"<!-- This site is optimized with the Yoast SEO plugin v27.4 - https:\/\/yoast.com\/product\/yoast-seo-wordpress\/ -->\n<title>\u00dcber ... - Ducksch Spielt<\/title>\n<meta name=\"description\" content=\"\u00dcber ... Ducksch Spielt\" \/>\n<meta name=\"robots\" content=\"index, follow, max-snippet:-1, max-image-preview:large, max-video-preview:-1\" \/>\n<link rel=\"canonical\" href=\"https:\/\/ducksch-spielt.de\/index.php\/uber\/\" \/>\n<meta property=\"og:locale\" content=\"de_DE\" \/>\n<meta property=\"og:type\" content=\"article\" \/>\n<meta property=\"og:title\" content=\"\u00dcber ... - Ducksch Spielt\" \/>\n<meta property=\"og:description\" content=\"\u00dcber ... Ducksch Spielt\" \/>\n<meta property=\"og:url\" content=\"https:\/\/ducksch-spielt.de\/index.php\/uber\/\" \/>\n<meta property=\"og:site_name\" content=\"Ducksch Spielt\" \/>\n<meta property=\"article:modified_time\" content=\"2025-04-19T06:14:03+00:00\" \/>\n<meta name=\"twitter:card\" content=\"summary_large_image\" \/>\n<meta name=\"twitter:label1\" content=\"Gesch\u00e4tzte Lesezeit\" \/>\n\t<meta name=\"twitter:data1\" content=\"3\u00a0Minuten\" \/>\n<script type=\"application\/ld+json\" class=\"yoast-schema-graph\">{\"@context\":\"https:\\\/\\\/schema.org\",\"@graph\":[{\"@type\":\"WebPage\",\"@id\":\"https:\\\/\\\/ducksch-spielt.de\\\/index.php\\\/uber\\\/\",\"url\":\"https:\\\/\\\/ducksch-spielt.de\\\/index.php\\\/uber\\\/\",\"name\":\"\u00dcber ... - Ducksch Spielt\",\"isPartOf\":{\"@id\":\"https:\\\/\\\/ducksch-spielt.de\\\/#website\"},\"datePublished\":\"2024-05-23T19:42:49+00:00\",\"dateModified\":\"2025-04-19T06:14:03+00:00\",\"description\":\"\u00dcber ... Ducksch Spielt\",\"breadcrumb\":{\"@id\":\"https:\\\/\\\/ducksch-spielt.de\\\/index.php\\\/uber\\\/#breadcrumb\"},\"inLanguage\":\"de\",\"potentialAction\":[{\"@type\":\"ReadAction\",\"target\":[\"https:\\\/\\\/ducksch-spielt.de\\\/index.php\\\/uber\\\/\"]}]},{\"@type\":\"BreadcrumbList\",\"@id\":\"https:\\\/\\\/ducksch-spielt.de\\\/index.php\\\/uber\\\/#breadcrumb\",\"itemListElement\":[{\"@type\":\"ListItem\",\"position\":1,\"name\":\"Startseite\",\"item\":\"https:\\\/\\\/ducksch-spielt.de\\\/\"},{\"@type\":\"ListItem\",\"position\":2,\"name\":\"\u00dcber &#8230;\"}]},{\"@type\":\"WebSite\",\"@id\":\"https:\\\/\\\/ducksch-spielt.de\\\/#website\",\"url\":\"https:\\\/\\\/ducksch-spielt.de\\\/\",\"name\":\"Ducksch Spielt\",\"description\":\"Spieletipps f\u00fcr den Rest der Welt\",\"publisher\":{\"@id\":\"https:\\\/\\\/ducksch-spielt.de\\\/#\\\/schema\\\/person\\\/d50b2332cc63438a1ccdc6474da22e9c\"},\"potentialAction\":[{\"@type\":\"SearchAction\",\"target\":{\"@type\":\"EntryPoint\",\"urlTemplate\":\"https:\\\/\\\/ducksch-spielt.de\\\/?s={search_term_string}\"},\"query-input\":{\"@type\":\"PropertyValueSpecification\",\"valueRequired\":true,\"valueName\":\"search_term_string\"}}],\"inLanguage\":\"de\"},{\"@type\":[\"Person\",\"Organization\"],\"@id\":\"https:\\\/\\\/ducksch-spielt.de\\\/#\\\/schema\\\/person\\\/d50b2332cc63438a1ccdc6474da22e9c\",\"name\":\"Stefan Ducksch\",\"image\":{\"@type\":\"ImageObject\",\"inLanguage\":\"de\",\"@id\":\"https:\\\/\\\/ducksch-spielt.de\\\/wp-content\\\/uploads\\\/2024\\\/06\\\/Header3.jpg\",\"url\":\"https:\\\/\\\/ducksch-spielt.de\\\/wp-content\\\/uploads\\\/2024\\\/06\\\/Header3.jpg\",\"contentUrl\":\"https:\\\/\\\/ducksch-spielt.de\\\/wp-content\\\/uploads\\\/2024\\\/06\\\/Header3.jpg\",\"width\":1572,\"height\":256,\"caption\":\"Stefan Ducksch\"},\"logo\":{\"@id\":\"https:\\\/\\\/ducksch-spielt.de\\\/wp-content\\\/uploads\\\/2024\\\/06\\\/Header3.jpg\"},\"sameAs\":[\"https:\\\/\\\/ducksch-spielt.de\\\/\"]}]}<\/script>\n<!-- \/ Yoast SEO plugin. -->","yoast_head_json":{"title":"\u00dcber ... - Ducksch Spielt","description":"\u00dcber ... Ducksch Spielt","robots":{"index":"index","follow":"follow","max-snippet":"max-snippet:-1","max-image-preview":"max-image-preview:large","max-video-preview":"max-video-preview:-1"},"canonical":"https:\/\/ducksch-spielt.de\/index.php\/uber\/","og_locale":"de_DE","og_type":"article","og_title":"\u00dcber ... - Ducksch Spielt","og_description":"\u00dcber ... Ducksch Spielt","og_url":"https:\/\/ducksch-spielt.de\/index.php\/uber\/","og_site_name":"Ducksch Spielt","article_modified_time":"2025-04-19T06:14:03+00:00","twitter_card":"summary_large_image","twitter_misc":{"Gesch\u00e4tzte Lesezeit":"3\u00a0Minuten"},"schema":{"@context":"https:\/\/schema.org","@graph":[{"@type":"WebPage","@id":"https:\/\/ducksch-spielt.de\/index.php\/uber\/","url":"https:\/\/ducksch-spielt.de\/index.php\/uber\/","name":"\u00dcber ... - Ducksch Spielt","isPartOf":{"@id":"https:\/\/ducksch-spielt.de\/#website"},"datePublished":"2024-05-23T19:42:49+00:00","dateModified":"2025-04-19T06:14:03+00:00","description":"\u00dcber ... Ducksch Spielt","breadcrumb":{"@id":"https:\/\/ducksch-spielt.de\/index.php\/uber\/#breadcrumb"},"inLanguage":"de","potentialAction":[{"@type":"ReadAction","target":["https:\/\/ducksch-spielt.de\/index.php\/uber\/"]}]},{"@type":"BreadcrumbList","@id":"https:\/\/ducksch-spielt.de\/index.php\/uber\/#breadcrumb","itemListElement":[{"@type":"ListItem","position":1,"name":"Startseite","item":"https:\/\/ducksch-spielt.de\/"},{"@type":"ListItem","position":2,"name":"\u00dcber &#8230;"}]},{"@type":"WebSite","@id":"https:\/\/ducksch-spielt.de\/#website","url":"https:\/\/ducksch-spielt.de\/","name":"Ducksch Spielt","description":"Spieletipps f\u00fcr den Rest der Welt","publisher":{"@id":"https:\/\/ducksch-spielt.de\/#\/schema\/person\/d50b2332cc63438a1ccdc6474da22e9c"},"potentialAction":[{"@type":"SearchAction","target":{"@type":"EntryPoint","urlTemplate":"https:\/\/ducksch-spielt.de\/?s={search_term_string}"},"query-input":{"@type":"PropertyValueSpecification","valueRequired":true,"valueName":"search_term_string"}}],"inLanguage":"de"},{"@type":["Person","Organization"],"@id":"https:\/\/ducksch-spielt.de\/#\/schema\/person\/d50b2332cc63438a1ccdc6474da22e9c","name":"Stefan Ducksch","image":{"@type":"ImageObject","inLanguage":"de","@id":"https:\/\/ducksch-spielt.de\/wp-content\/uploads\/2024\/06\/Header3.jpg","url":"https:\/\/ducksch-spielt.de\/wp-content\/uploads\/2024\/06\/Header3.jpg","contentUrl":"https:\/\/ducksch-spielt.de\/wp-content\/uploads\/2024\/06\/Header3.jpg","width":1572,"height":256,"caption":"Stefan Ducksch"},"logo":{"@id":"https:\/\/ducksch-spielt.de\/wp-content\/uploads\/2024\/06\/Header3.jpg"},"sameAs":["https:\/\/ducksch-spielt.de\/"]}]}},"_links":{"self":[{"href":"https:\/\/ducksch-spielt.de\/index.php\/wp-json\/wp\/v2\/pages\/47","targetHints":{"allow":["GET"]}}],"collection":[{"href":"https:\/\/ducksch-spielt.de\/index.php\/wp-json\/wp\/v2\/pages"}],"about":[{"href":"https:\/\/ducksch-spielt.de\/index.php\/wp-json\/wp\/v2\/types\/page"}],"author":[{"embeddable":true,"href":"https:\/\/ducksch-spielt.de\/index.php\/wp-json\/wp\/v2\/users\/3"}],"replies":[{"embeddable":true,"href":"https:\/\/ducksch-spielt.de\/index.php\/wp-json\/wp\/v2\/comments?post=47"}],"version-history":[{"count":0,"href":"https:\/\/ducksch-spielt.de\/index.php\/wp-json\/wp\/v2\/pages\/47\/revisions"}],"wp:attachment":[{"href":"https:\/\/ducksch-spielt.de\/index.php\/wp-json\/wp\/v2\/media?parent=47"}],"curies":[{"name":"wp","href":"https:\/\/api.w.org\/{rel}","templated":true}]}}